{"id":564,"date":"2018-02-25T12:15:08","date_gmt":"2018-02-25T12:15:08","guid":{"rendered":"http:\/\/gleisbogen-stuttgart.de\/?page_id=564"},"modified":"2019-05-19T18:44:03","modified_gmt":"2019-05-19T18:44:03","slug":"infos-links-fichiers","status":"publish","type":"page","link":"http:\/\/gleisbogen-stuttgart.de\/fr\/infos-links-fichiers\/","title":{"rendered":"Infos \/ Links \/ Fichiers"},"content":{"rendered":"<p><a href=\"https:\/\/www.facebook.com\/gleisbogen.stuttgart\" target=\"_blank\" rel=\"noopener noreferrer\">Der Stuttgarter Gleisbogen auf Facebook (allemand)<\/a><\/p>\n<p><a href=\"http:\/\/www.infoladen-rosenstein.de\/\" target=\"_blank\" rel=\"noopener noreferrer\">Infoladen Rosenstein \u00ab\u00a0Auf der Prag\u00a0\u00bb e.V.<\/a> (allemand)<\/p>\n<p><a href=\"https:\/\/www.stuttgart-meine-stadt.de\/rosenstein\/\" target=\"_blank\" rel=\"noopener noreferrer\">Informelle B\u00fcrgerbeteiligung Rosenstein (Beteiligungsportal der Landeshauptstadt Stuttgart,&nbsp;<\/a><a href=\"https:\/\/www.facebook.com\/gleisbogen.stuttgart\" target=\"_blank\" rel=\"noopener noreferrer\">allemand)<\/a><\/p>\n<p><a href=\"http:\/\/rosensteinbruecke.de\/\" target=\"_blank\" rel=\"noopener noreferrer\">Initiative zum Erhalt und zur Nachnutzung der Rosensteinbr\u00fccke Stuttgart, <\/a><a href=\"https:\/\/www.facebook.com\/gleisbogen.stuttgart\" target=\"_blank\" rel=\"noopener noreferrer\">allemand)<\/a><\/p>\n<h3>Autr\u00e9s Projets\/ Inspirations:<\/h3>\n<p><strong>Berlin, Allemagne<\/strong><br \/>\n<a href=\"http:\/\/gruen-berlin.de\/natur-park-suedgelaende\" target=\"_blank\" rel=\"noopener noreferrer\">Natur-Park S\u00fcdgel\u00e4nde <\/a><br \/>\n<a href=\"http:\/\/gruen-berlin.de\/gleisdreieck\" target=\"_blank\" rel=\"noopener noreferrer\">Park am Gleisdreieck<\/a><\/p>\n<p><strong>New York, USA<\/strong><br \/>\n<a href=\"http:\/\/www.thehighline.org\/\" target=\"_blank\" rel=\"noopener noreferrer\">The High Line<\/a><\/p>\n<p><strong>Paris, France<\/strong><br \/>\n<a href=\"http:\/\/www.leviaducdesarts.com\/\" target=\"_blank\" rel=\"noopener noreferrer\">Coul\u00e9e verte Ren\u00e9-Dumont (deutsch Ren\u00e9-Dumont-Gr\u00fcnzug), bis 2014 Promenade plant\u00e9e <\/a><\/p>\n<p><strong>Z\u00fcrich, Suisse<\/strong><br \/>\n<a href=\"http:\/\/www.im-viadukt.ch\/\" target=\"_blank\" rel=\"noopener noreferrer\">Aussersihler Viadukt: Seite des Betreibers Stiftung PWG <\/a><br \/>\n<a href=\"http:\/\/www.westnetz.ch\/story\/aussersihler-viadukt\" target=\"_blank\" rel=\"noopener noreferrer\">Aussersihler Viadukt (Blogbeitrag) <\/a><\/p>\n<p><strong>Wuppertal, Allemagne<\/strong><br \/>\n<a href=\"https:\/\/wuppertalbewegung.de\/\" target=\"_blank\" rel=\"noopener noreferrer\">Nordbahntrasse (https:\/\/wuppertalbewegung.de\/)<\/a><\/p>\n<h3>Fichiers \/ Downloads:<\/h3>\n<p><a href=\"http:\/\/gleisbogen-stuttgart.de\/wp-content\/uploads\/2018\/05\/uni-stgt_urbanes-quartier-s-nord-kl.zip\">Projektarbeiten Urbanes Quartier Stuttgart-Nord<\/a><br \/>\n(ZIP 11 MB) 2018 Uni Stuttgart, St\u00e4dtebau-Institut, Institut f\u00fcr Raumkonzeptionen und Grundlagen des Entwerfens<strong><br \/>\n<\/strong><\/p>\n<p><a href=\"http:\/\/gleisbogen-stuttgart.de\/wp-content\/uploads\/2018\/05\/schoenle-2017_studie-gleisbogen.pdf\" target=\"_blank\" rel=\"noopener noreferrer\">Studie zum Gleisbogen\/ n\u00f6rdlichen \u00dcberwerfungsbauwerk<\/a><br \/>\n(PDF 4,7 MB) 2018 von Daniel Sch\u00f6nle\/ hp4<\/p>\n<p>&nbsp;<\/p>\n<p>&nbsp;<\/p>\n","protected":false},"excerpt":{"rendered":"<p>Der Stuttgarter Gleisbogen auf Facebook (allemand) Infoladen Rosenstein \u00ab\u00a0Auf der Prag\u00a0\u00bb e.V. (allemand) Informelle B\u00fcrgerbeteiligung Rosenstein (Beteiligungsportal der Landeshauptstadt Stuttgart,&nbsp;allemand) Initiative zum Erhalt und zur Nachnutzung der Rosensteinbr\u00fccke Stuttgart, allemand) Autr\u00e9s Projets\/ Inspirations: Berlin, Allemagne Natur-Park S\u00fcdgel\u00e4nde Park am Gleisdreieck New York, USA The High Line Paris, France Coul\u00e9e verte Ren\u00e9-Dumont (deutsch Ren\u00e9-Dumont-Gr\u00fcnzug), bis 2014 &hellip; <a href=\"http:\/\/gleisbogen-stuttgart.de\/fr\/infos-links-fichiers\/\" class=\"more-link\">Continuer la lecture de <span class=\"screen-reader-text\">Infos \/ Links \/ Fichiers<\/span><\/a><\/p>\n","protected":false},"author":1,"featured_media":0,"parent":0,"menu_order":0,"comment_status":"closed","ping_status":"closed","template":"","meta":{"ngg_post_thumbnail":0},"_links":{"self":[{"href":"http:\/\/gleisbogen-stuttgart.de\/fr\/wp-json\/wp\/v2\/pages\/564"}],"collection":[{"href":"http:\/\/gleisbogen-stuttgart.de\/fr\/wp-json\/wp\/v2\/pages"}],"about":[{"href":"http:\/\/gleisbogen-stuttgart.de\/fr\/wp-json\/wp\/v2\/types\/page"}],"author":[{"embeddable":true,"href":"http:\/\/gleisbogen-stuttgart.de\/fr\/wp-json\/wp\/v2\/users\/1"}],"replies":[{"embeddable":true,"href":"http:\/\/gleisbogen-stuttgart.de\/fr\/wp-json\/wp\/v2\/comments?post=564"}],"version-history":[{"count":5,"href":"http:\/\/gleisbogen-stuttgart.de\/fr\/wp-json\/wp\/v2\/pages\/564\/revisions"}],"predecessor-version":[{"id":805,"href":"http:\/\/gleisbogen-stuttgart.de\/fr\/wp-json\/wp\/v2\/pages\/564\/revisions\/805"}],"wp:attachment":[{"href":"http:\/\/gleisbogen-stuttgart.de\/fr\/wp-json\/wp\/v2\/media?parent=564"}],"curies":[{"name":"wp","href":"https:\/\/api.w.org\/{rel}","templated":true}]}}