{"id":543,"date":"2018-02-25T12:01:40","date_gmt":"2018-02-25T12:01:40","guid":{"rendered":"http:\/\/gleisbogen-stuttgart.de\/?page_id=543"},"modified":"2018-02-25T12:41:52","modified_gmt":"2018-02-25T12:41:52","slug":"le-livre","status":"publish","type":"page","link":"http:\/\/gleisbogen-stuttgart.de\/fr\/le-livre\/","title":{"rendered":"Le Livre"},"content":{"rendered":"<p>\u00c0 c\u00f4t\u00e9 d\u2019une <a href=\"http:\/\/gleisbogen-stuttgart.de\/fr\/die-ausstellung\/\">documentation de l\u2019exposition<\/a>, le livre offre trois nouvelles approches: une d\u00e9marche strategique plus approfondie au regard des chances pour reconvertir le \u00ab Gleisbogen \u00bb et ses monuments; des t\u00e9moignages de personnes li\u00e9es au quartier \u00ab Auf der Prag \u00bb ; et quelques ch\u00e2pitres essentiels \u00e0 l\u2019\u00e9gard de la protection des monuments historiques, de l\u2019architecture paysagiste et l\u2019\u00e9cologie, et de l\u2019importance des projets culturels pour le d\u00e9veloppement des friches urbaines.<\/p>\n<figure id=\"attachment_96\" aria-describedby=\"caption-attachment-96\" style=\"width: 800px\" class=\"wp-caption alignnone\"><img decoding=\"async\" loading=\"lazy\" class=\"size-full wp-image-96\" src=\"http:\/\/gleisbogen-stuttgart.de\/wp-content\/uploads\/2015\/09\/Gleisbogen-Buch-Titel-final-web.jpg\" alt=\"Buchtitel \" width=\"800\" height=\"389\" srcset=\"http:\/\/gleisbogen-stuttgart.de\/wp-content\/uploads\/2015\/09\/Gleisbogen-Buch-Titel-final-web.jpg 800w, http:\/\/gleisbogen-stuttgart.de\/wp-content\/uploads\/2015\/09\/Gleisbogen-Buch-Titel-final-web-300x146.jpg 300w\" sizes=\"(max-width: 800px) 100vw, 800px\" \/><figcaption id=\"caption-attachment-96\" class=\"wp-caption-text\">Der Stuttgarter Gleisbogen, couverture du livre<\/figcaption><\/figure>\n<pre><em>Der Stuttgarter Gleisbogen. Urbane Landschaft und Kulturdenkmale im Vorfeld des Hauptbahnhofs \u2013 Geschichte und Ausblick.\r\n[Le Gleisbogen de Stuttgart \/ L\u2019Arc Ferroviaire de Stuttgart. Paysage Urbain et Monuments pr\u00e8s de la Gare Centrale \u2013 Histoire et Perspectives]<\/em> \r\nSous la direction de Josef Klegraf. Avant-propos de Matthias Hahn (Directeur de la Direction d\u2019Urbanisme et de l\u2019Environnement de Stuttgart). Avec des contributions de : Axel Fricke, Theresia G\u00fcrtler Berger, Dietrich Hei\u00dfenb\u00fcttel, Josef Klegraf, Michael Kunert, Frank Lohrberg, Wolfgang Maier and Dan Teodorovici. Stuttgart: Les \u00c9ditions Karl Kr\u00e4mer, 2014. \r\n\r\n152 pages avec 144 illustrations, dont 103 en couleurs. Disponible en librairie au prix de 25,00 EUR (broch\u00e9, 21 x 21 cm). ISBN 978-3-7828-1321-1<\/pre>\n<p><strong>Weitere Publikation:<\/strong><br \/>\nEn 2016, l\u2019Info-Laden avait publi\u00e9 un t\u00f4me compl\u00e9mentaire au \u00ab Gleisbogen \u00bb. Il s\u2019agit d\u2019un livre sur le quartier existant \u00ab Auf der Prag \u00bb, qui sera le c\u0153ur du Quartier Rosenstein \u00e0 venir :<\/p>\n<pre><em>Von der Prag zum RosensteinViertel. Vom urbanen Kleinod zum lebenswerten Quartier am Stuttgarter Gleisbogen. \r\n[Du Quartier Prag au Quartier Rosenstein. Du joyou urbain au quartier o\u00f9 il fait bon vivre]<\/em>\r\n\r\nSous la direction de Josef Klegraf et Dan Teodorovici. Avant-propos de Peter P\u00e4tzold (nouveau Directeur de la Direction d\u2019Urbanisme et de l\u2019Environnement de Stuttgart). Photographies contemporaines : Burkhard Walther. Avec des contributions de Josef Klegraf, Uwe Stuckenbrock et Dan Teodorovici.\r\nStuttgart: <a href=\"http:\/\/www.kraemerverlag.com\/publikationen\/buecher\/mehr-info\/?tt_products%5bbackPID%5d=8&amp;tt_products%5bproduct%5d=256&amp;tt_products%5bcat%5d=6&amp;cHash=d2174939e1b70a265d0fae2e99dff5af\">Karl Kr\u00e4mer Verlag<\/a>, 2016.\r\n\r\n136 pages avec 136 illustrations, don 110 en couleurs. Disponible en librairie au prix de 19,80 EUR (broch\u00e9, 21 x 21 cm). ISBN 978-3-7828-1323-5<\/pre>\n","protected":false},"excerpt":{"rendered":"<p>\u00c0 c\u00f4t\u00e9 d\u2019une documentation de l\u2019exposition, le livre offre trois nouvelles approches: une d\u00e9marche strategique plus approfondie au regard des chances pour reconvertir le \u00ab Gleisbogen \u00bb et ses monuments; des t\u00e9moignages de personnes li\u00e9es au quartier \u00ab Auf der Prag \u00bb ; et quelques ch\u00e2pitres essentiels \u00e0 l\u2019\u00e9gard de la protection des monuments historiques, &hellip; <a href=\"http:\/\/gleisbogen-stuttgart.de\/fr\/le-livre\/\" class=\"more-link\">Continuer la lecture de <span class=\"screen-reader-text\">Le Livre<\/span><\/a><\/p>\n","protected":false},"author":1,"featured_media":0,"parent":0,"menu_order":0,"comment_status":"closed","ping_status":"closed","template":"","meta":{"ngg_post_thumbnail":0},"_links":{"self":[{"href":"http:\/\/gleisbogen-stuttgart.de\/fr\/wp-json\/wp\/v2\/pages\/543"}],"collection":[{"href":"http:\/\/gleisbogen-stuttgart.de\/fr\/wp-json\/wp\/v2\/pages"}],"about":[{"href":"http:\/\/gleisbogen-stuttgart.de\/fr\/wp-json\/wp\/v2\/types\/page"}],"author":[{"embeddable":true,"href":"http:\/\/gleisbogen-stuttgart.de\/fr\/wp-json\/wp\/v2\/users\/1"}],"replies":[{"embeddable":true,"href":"http:\/\/gleisbogen-stuttgart.de\/fr\/wp-json\/wp\/v2\/comments?post=543"}],"version-history":[{"count":6,"href":"http:\/\/gleisbogen-stuttgart.de\/fr\/wp-json\/wp\/v2\/pages\/543\/revisions"}],"predecessor-version":[{"id":593,"href":"http:\/\/gleisbogen-stuttgart.de\/fr\/wp-json\/wp\/v2\/pages\/543\/revisions\/593"}],"wp:attachment":[{"href":"http:\/\/gleisbogen-stuttgart.de\/fr\/wp-json\/wp\/v2\/media?parent=543"}],"curies":[{"name":"wp","href":"https:\/\/api.w.org\/{rel}","templated":true}]}}