{"id":537,"date":"2018-02-25T11:55:06","date_gmt":"2018-02-25T11:55:06","guid":{"rendered":"http:\/\/gleisbogen-stuttgart.de\/?page_id=537"},"modified":"2018-02-25T12:41:23","modified_gmt":"2018-02-25T12:41:23","slug":"die-ausstellung","status":"publish","type":"page","link":"http:\/\/gleisbogen-stuttgart.de\/fr\/die-ausstellung\/","title":{"rendered":"L\u2019Exposition"},"content":{"rendered":"<p>En 2012, le Info-Laden avait invit\u00e9 les urbanistes Dan Teodorovici, Michael Kunert et Axel Fricke \u00e0 concevoir et organiser une exposition sur \u00ab Le Gleisbogen de Stuttgart et ses Monuments \u00bb. L\u2019exposition s\u2019articule autour de trois axes: elle raconte succintement la saga du \u00ab Gleisbogen \u00bb, elle fournit des arguments directeurs pour <a href=\"http:\/\/gleisbogen-stuttgart.de\/fr\/perspectives\/\">un d\u00e9bat n\u00e9cessaire sur le d\u00e9veloppement urbain de Stuttgart<\/a>, et, enfin, elle offre quelques id\u00e9es pour int\u00e9grer le \u00ab Gleisbogen \u00bb et ses monuments dans la planification du quartier Rosenstein \u00e0 venir.<\/p>\n<figure id=\"attachment_105\" aria-describedby=\"caption-attachment-105\" style=\"width: 800px\" class=\"wp-caption alignnone\"><img decoding=\"async\" loading=\"lazy\" class=\"size-full wp-image-105\" src=\"http:\/\/gleisbogen-stuttgart.de\/wp-content\/uploads\/2015\/09\/gleisbogen-ausstellung-im-infoladen-web.jpg\" alt=\"Ausstellung \" width=\"800\" height=\"398\" srcset=\"http:\/\/gleisbogen-stuttgart.de\/wp-content\/uploads\/2015\/09\/gleisbogen-ausstellung-im-infoladen-web.jpg 800w, http:\/\/gleisbogen-stuttgart.de\/wp-content\/uploads\/2015\/09\/gleisbogen-ausstellung-im-infoladen-web-300x149.jpg 300w\" sizes=\"(max-width: 800px) 100vw, 800px\" \/><figcaption id=\"caption-attachment-105\" class=\"wp-caption-text\">L\u2019exposition \u00ab Le Gleisbogen de Stuttgart et ses Monuments \u00bb<\/figcaption><\/figure>\n<p>Quelques affiches offrent des informations sur l\u2019histoire architecturale des chemins de fer \u00e0 Stuttgart. Des autres affiches exposent des principes de traitements des monuments historiques infrastructurels et ferroviaires, exemplifi\u00e9s par quatres projets cl\u00e9fs qui peuvent servir de mod\u00e8le \u00e0 la reconversion du \u00ab Gleisbogen \u00bb: le Viaduc des Arts et la Promenade Plant\u00e9e \u00e0 Paris, la High Line \u00e0 New York, le Naturpark Sch\u00f6neberger S\u00fcdgel\u00e4nde \u00e0 Berlin, et, enfin, le viaduc Au\u00dfersihler \u00e0 Zurich. Le \u00ab Gleisbogen \u00bb lui-m\u00eame pourrait devenir un parc urbain et ainsi une partie int\u00e9grante du d\u00e9veloppement du nouveau Quartier Rosenstein. Les affiches th\u00e9matisent les chances et les d\u00e9fis pos\u00e9s par cette id\u00e9e. L\u2019exposition est enrichie par une maquette (\u00e0 l\u00b4\u00e9chelle 1:1000) qui montre le \u00ab Gleisbogen \u00bb dans son environnement, et par un court film vid\u00e9o (dur\u00e9e de cinq minutes) qui offre des images in\u00e9dites du \u00ab Gleisbogen \u00bb vues de la perspective de la locomotive sur la ligne de B\u00f6blingen.<\/p>\n<figure id=\"attachment_80\" aria-describedby=\"caption-attachment-80\" style=\"width: 604px\" class=\"wp-caption alignnone\"><img decoding=\"async\" loading=\"lazy\" class=\"size-large wp-image-80\" src=\"http:\/\/gleisbogen-stuttgart.de\/wp-content\/uploads\/2015\/09\/gleisbogen-er\u00f6ffnung_P1020094-1024x768.jpg\" alt=\"Ausstellung Stuttgarter Gleisbogen im Infoladen\" width=\"604\" height=\"453\" srcset=\"http:\/\/gleisbogen-stuttgart.de\/wp-content\/uploads\/2015\/09\/gleisbogen-er\u00f6ffnung_P1020094.jpg 1024w, http:\/\/gleisbogen-stuttgart.de\/wp-content\/uploads\/2015\/09\/gleisbogen-er\u00f6ffnung_P1020094-300x225.jpg 300w\" sizes=\"(max-width: 604px) 100vw, 604px\" \/><figcaption id=\"caption-attachment-80\" class=\"wp-caption-text\">Vernissage \u00e0 la galerie Info-Laden, en F\u00e9vrier 2013<\/figcaption><\/figure>\n<p><strong>Stations de l\u2019exposition itin\u00e9raire \u00e0 Stuttgart<\/strong><\/p>\n<p>L\u2019ant\u00e9rieure galerie de l\u2019Info-Laden, situ\u00e9e dans l\u2019aile lat\u00e9rale de l\u2019\u00e9glise St. Martin, avait \u00e9t\u00e9 la premi\u00e8re \u00e9tape de l\u2019exposition (avec une introduction par Dr. Kron, le directeur du D\u00e9partement du D\u00e9veloppement Urbain et de la R\u00e9novation Urbaine de Stuttgart). Voil\u00e0 les \u00e9tapes suivantes \u00e0 travers Stuttgart :<\/p>\n<ul>\n<li>2014: le Showroom de la Ville de Stuttgart, Kriegsbergstra\u00dfe<\/li>\n<li>2014: la Mairie, avec le lancement du livre sur le Gleisbogen (Les \u00c9ditions Kr\u00e4mer, Stuttgart 2014), et un discours de bienvenue de Monsieur Matthias Hahn, le Directeur de la Direction d\u2019Urbanisme et de l\u2019Environnement de Stuttgart;<\/li>\n<li>2015: le D\u00e9partement du D\u00e9veloppement Urbain et de la R\u00e9novation Urbaine de Stuttgart<\/li>\n<li>2015: la Maison de l\u2019Ordre des Architectes de Baden-W\u00fcrttemberg<\/li>\n<li>2016&nbsp;: les \u00e9v\u00e9nements de la Participation Informelle Rosenstein de la Ville de Stuttgart (\u00e0 la Mairie et au Centre Culturel Wagenhalle, Stuttgart Nord)<\/li>\n<li>2017: le Hospitalhof, Centre Culturel de l\u2019Eglise Protestante.<\/li>\n<\/ul>\n<p>D\u00e8s 2017 l\u2019exposition peut \u00eatre visit\u00e9e sur demande dans la nouvelle galerie de l\u2019Info-Laden, Nordbahnhofstr. 81.<\/p>\n<figure id=\"attachment_81\" aria-describedby=\"caption-attachment-81\" style=\"width: 660px\" class=\"wp-caption alignnone\"><img decoding=\"async\" loading=\"lazy\" class=\"wp-image-81 size-large\" src=\"http:\/\/gleisbogen-stuttgart.de\/wp-content\/uploads\/2015\/09\/Ausst-Gleisbogen-Rathaus-BM-Hahn-1024x716.jpg\" alt=\"Vernissage und Buchpr\u00e4sentation im September 2014 im Rathaus mit Baub\u00fcrgermeister Matthias Hahn\" width=\"660\" height=\"461\" srcset=\"http:\/\/gleisbogen-stuttgart.de\/wp-content\/uploads\/2015\/09\/Ausst-Gleisbogen-Rathaus-BM-Hahn-1024x716.jpg 1024w, http:\/\/gleisbogen-stuttgart.de\/wp-content\/uploads\/2015\/09\/Ausst-Gleisbogen-Rathaus-BM-Hahn-300x210.jpg 300w\" sizes=\"(max-width: 660px) 100vw, 660px\" \/><figcaption id=\"caption-attachment-81\" class=\"wp-caption-text\">Lancement de livre \u00e0 la Mairie de Stuttgart en septembre 2014, avec un discours de bienvenue de M. Matthias Hahn, le Directeur de la Direction d\u2019Urbanisme et de l\u2019Environnement de Stuttgart<\/figcaption><\/figure>\n<figure id=\"attachment_46\" aria-describedby=\"caption-attachment-46\" style=\"width: 660px\" class=\"wp-caption alignnone\"><img decoding=\"async\" loading=\"lazy\" class=\"wp-image-46 size-full\" src=\"http:\/\/gleisbogen-stuttgart.de\/wp-content\/uploads\/2015\/09\/gleisbogen-ausstellung-akbw.jpg\" alt=\"gleisbogen-ausstellung-akbw\" width=\"660\" height=\"300\" srcset=\"http:\/\/gleisbogen-stuttgart.de\/wp-content\/uploads\/2015\/09\/gleisbogen-ausstellung-akbw.jpg 660w, http:\/\/gleisbogen-stuttgart.de\/wp-content\/uploads\/2015\/09\/gleisbogen-ausstellung-akbw-300x136.jpg 300w\" sizes=\"(max-width: 660px) 100vw, 660px\" \/><figcaption id=\"caption-attachment-46\" class=\"wp-caption-text\">L\u2019exposition \u00e0 la Maison de l\u2019Ordre des Architectes de Baden-W\u00fcrttemberg, en mai 2015<\/figcaption><\/figure>\n<figure id=\"attachment_34\" aria-describedby=\"caption-attachment-34\" style=\"width: 600px\" class=\"wp-caption alignnone\"><img decoding=\"async\" loading=\"lazy\" class=\"wp-image-34 size-full\" src=\"http:\/\/gleisbogen-stuttgart.de\/wp-content\/uploads\/2015\/09\/gleisbogen-modell.jpg\" alt=\"Modell Ausstellung Stuttgarter Gleisbogen\" width=\"600\" height=\"316\" srcset=\"http:\/\/gleisbogen-stuttgart.de\/wp-content\/uploads\/2015\/09\/gleisbogen-modell.jpg 600w, http:\/\/gleisbogen-stuttgart.de\/wp-content\/uploads\/2015\/09\/gleisbogen-modell-300x158.jpg 300w\" sizes=\"(max-width: 600px) 100vw, 600px\" \/><figcaption id=\"caption-attachment-34\" class=\"wp-caption-text\">La maquette<\/figcaption><\/figure>\n","protected":false},"excerpt":{"rendered":"<p>En 2012, le Info-Laden avait invit\u00e9 les urbanistes Dan Teodorovici, Michael Kunert et Axel Fricke \u00e0 concevoir et organiser une exposition sur \u00ab Le Gleisbogen de Stuttgart et ses Monuments \u00bb. L\u2019exposition s\u2019articule autour de trois axes: elle raconte succintement la saga du \u00ab Gleisbogen \u00bb, elle fournit des arguments directeurs pour un d\u00e9bat n\u00e9cessaire &hellip; <a href=\"http:\/\/gleisbogen-stuttgart.de\/fr\/die-ausstellung\/\" class=\"more-link\">Continuer la lecture de <span class=\"screen-reader-text\">L\u2019Exposition<\/span><\/a><\/p>\n","protected":false},"author":1,"featured_media":0,"parent":0,"menu_order":0,"comment_status":"closed","ping_status":"closed","template":"","meta":{"ngg_post_thumbnail":0},"_links":{"self":[{"href":"http:\/\/gleisbogen-stuttgart.de\/fr\/wp-json\/wp\/v2\/pages\/537"}],"collection":[{"href":"http:\/\/gleisbogen-stuttgart.de\/fr\/wp-json\/wp\/v2\/pages"}],"about":[{"href":"http:\/\/gleisbogen-stuttgart.de\/fr\/wp-json\/wp\/v2\/types\/page"}],"author":[{"embeddable":true,"href":"http:\/\/gleisbogen-stuttgart.de\/fr\/wp-json\/wp\/v2\/users\/1"}],"replies":[{"embeddable":true,"href":"http:\/\/gleisbogen-stuttgart.de\/fr\/wp-json\/wp\/v2\/comments?post=537"}],"version-history":[{"count":7,"href":"http:\/\/gleisbogen-stuttgart.de\/fr\/wp-json\/wp\/v2\/pages\/537\/revisions"}],"predecessor-version":[{"id":592,"href":"http:\/\/gleisbogen-stuttgart.de\/fr\/wp-json\/wp\/v2\/pages\/537\/revisions\/592"}],"wp:attachment":[{"href":"http:\/\/gleisbogen-stuttgart.de\/fr\/wp-json\/wp\/v2\/media?parent=537"}],"curies":[{"name":"wp","href":"https:\/\/api.w.org\/{rel}","templated":true}]}}