{"id":528,"date":"2018-02-25T11:44:04","date_gmt":"2018-02-25T11:44:04","guid":{"rendered":"http:\/\/gleisbogen-stuttgart.de\/?page_id=528"},"modified":"2019-05-19T18:42:13","modified_gmt":"2019-05-19T18:42:13","slug":"info-links-files","status":"publish","type":"page","link":"http:\/\/gleisbogen-stuttgart.de\/en\/info-links-files\/","title":{"rendered":"Info \/ Links \/ Files"},"content":{"rendered":"<p><a href=\"https:\/\/www.facebook.com\/gleisbogen.stuttgart\" target=\"_blank\" rel=\"noopener noreferrer\">Der Stuttgarter Gleisbogen auf Facebook (German)<\/a><\/p>\n<p><a href=\"http:\/\/www.infoladen-rosenstein.de\/\" target=\"_blank\" rel=\"noopener noreferrer\">Infoladen Rosenstein &#8220;Auf der Prag&#8221; e.V.<\/a> (German)<\/p>\n<p><a href=\"https:\/\/www.stuttgart-meine-stadt.de\/rosenstein\/\" target=\"_blank\" rel=\"noopener noreferrer\">Informelle B\u00fcrgerbeteiligung Rosenstein (Beteiligungsportal der Landeshauptstadt Stuttgart, German)<\/a><\/p>\n<p><a href=\"http:\/\/rosensteinbruecke.de\/\" target=\"_blank\" rel=\"noopener noreferrer\">Initiative zum Erhalt und zur Nachnutzung der Rosensteinbr\u00fccke Stuttgart (German)<\/a><\/p>\n<h3>Project references, examples,&nbsp; inspiration:<\/h3>\n<p><strong>Berlin, Germany<\/strong><br \/>\n<a href=\"http:\/\/gruen-berlin.de\/natur-park-suedgelaende\" target=\"_blank\" rel=\"noopener noreferrer\">Natur-Park S\u00fcdgel\u00e4nde <\/a><br \/>\n<a href=\"http:\/\/gruen-berlin.de\/gleisdreieck\" target=\"_blank\" rel=\"noopener noreferrer\">Park am Gleisdreieck<\/a><\/p>\n<p><strong>New York, USA<\/strong><br \/>\n<a href=\"http:\/\/www.thehighline.org\/\" target=\"_blank\" rel=\"noopener noreferrer\">The High Line<\/a><\/p>\n<p><strong>Paris, France<\/strong><br \/>\n<a href=\"http:\/\/www.leviaducdesarts.com\/\" target=\"_blank\" rel=\"noopener noreferrer\">Coul\u00e9e verte Ren\u00e9-Dumont (deutsch Ren\u00e9-Dumont-Gr\u00fcnzug), bis 2014 Promenade plant\u00e9e <\/a><\/p>\n<p><strong>Z\u00fcrich, Switzerland<\/strong><br \/>\n<a href=\"http:\/\/www.im-viadukt.ch\/\" target=\"_blank\" rel=\"noopener noreferrer\">Aussersihler Viadukt: Seite des Betreibers Stiftung PWG <\/a><br \/>\n<a href=\"http:\/\/www.westnetz.ch\/story\/aussersihler-viadukt\" target=\"_blank\" rel=\"noopener noreferrer\">Aussersihler Viadukt (Blogbeitrag) <\/a><\/p>\n<p><strong>Wuppertal, Germany<\/strong><br \/>\n<a href=\"https:\/\/wuppertalbewegung.de\/\" target=\"_blank\" rel=\"noopener noreferrer\">Nordbahntrasse (https:\/\/wuppertalbewegung.de\/)<\/a><\/p>\n<h3>Files \/ Downloads:<\/h3>\n<p><a href=\"http:\/\/gleisbogen-stuttgart.de\/wp-content\/uploads\/2018\/05\/uni-stgt_urbanes-quartier-s-nord-kl.zip\">Projektarbeiten Urbanes Quartier Stuttgart-Nord<\/a><br \/>\n(ZIP 11 MB) 2018 Uni Stuttgart, St\u00e4dtebau-Institut, Institut f\u00fcr Raumkonzeptionen und Grundlagen des Entwerfens<strong><br \/>\n<\/strong><\/p>\n<p><a href=\"http:\/\/gleisbogen-stuttgart.de\/wp-content\/uploads\/2018\/05\/schoenle-2017_studie-gleisbogen.pdf\" target=\"_blank\" rel=\"noopener noreferrer\">Studie zum Gleisbogen\/ n\u00f6rdlichen \u00dcberwerfungsbauwerk<\/a><br \/>\n(PDF 4,7 MB) 2018 von Daniel Sch\u00f6nle\/ hp4<\/p>\n<p>&nbsp;<\/p>\n<p>&nbsp;<\/p>\n","protected":false},"excerpt":{"rendered":"<p>Der Stuttgarter Gleisbogen auf Facebook (German) Infoladen Rosenstein &#8220;Auf der Prag&#8221; e.V. (German) Informelle B\u00fcrgerbeteiligung Rosenstein (Beteiligungsportal der Landeshauptstadt Stuttgart, German) Initiative zum Erhalt und zur Nachnutzung der Rosensteinbr\u00fccke Stuttgart (German) Project references, examples,&nbsp; inspiration: Berlin, Germany Natur-Park S\u00fcdgel\u00e4nde Park am Gleisdreieck New York, USA The High Line Paris, France Coul\u00e9e verte Ren\u00e9-Dumont (deutsch Ren\u00e9-Dumont-Gr\u00fcnzug), &hellip; <a href=\"http:\/\/gleisbogen-stuttgart.de\/en\/info-links-files\/\" class=\"more-link\">Continue reading <span class=\"screen-reader-text\">Info \/ Links \/ Files<\/span><\/a><\/p>\n","protected":false},"author":1,"featured_media":0,"parent":0,"menu_order":0,"comment_status":"closed","ping_status":"closed","template":"","meta":{"ngg_post_thumbnail":0},"_links":{"self":[{"href":"http:\/\/gleisbogen-stuttgart.de\/en\/wp-json\/wp\/v2\/pages\/528"}],"collection":[{"href":"http:\/\/gleisbogen-stuttgart.de\/en\/wp-json\/wp\/v2\/pages"}],"about":[{"href":"http:\/\/gleisbogen-stuttgart.de\/en\/wp-json\/wp\/v2\/types\/page"}],"author":[{"embeddable":true,"href":"http:\/\/gleisbogen-stuttgart.de\/en\/wp-json\/wp\/v2\/users\/1"}],"replies":[{"embeddable":true,"href":"http:\/\/gleisbogen-stuttgart.de\/en\/wp-json\/wp\/v2\/comments?post=528"}],"version-history":[{"count":7,"href":"http:\/\/gleisbogen-stuttgart.de\/en\/wp-json\/wp\/v2\/pages\/528\/revisions"}],"predecessor-version":[{"id":803,"href":"http:\/\/gleisbogen-stuttgart.de\/en\/wp-json\/wp\/v2\/pages\/528\/revisions\/803"}],"wp:attachment":[{"href":"http:\/\/gleisbogen-stuttgart.de\/en\/wp-json\/wp\/v2\/media?parent=528"}],"curies":[{"name":"wp","href":"https:\/\/api.w.org\/{rel}","templated":true}]}}