{"id":509,"date":"2018-02-25T11:18:37","date_gmt":"2018-02-25T11:18:37","guid":{"rendered":"http:\/\/gleisbogen-stuttgart.de\/?page_id=509"},"modified":"2018-03-02T12:05:48","modified_gmt":"2018-03-02T12:05:48","slug":"die-ausstellung","status":"publish","type":"page","link":"http:\/\/gleisbogen-stuttgart.de\/en\/die-ausstellung\/","title":{"rendered":"The Exhibition"},"content":{"rendered":"<p>Back in 2012, curators Dan Teodorovici, Michael Kunert and Axel Fricke were invited by the Info-Laden to conceive and design an exhibition on the \u201cStuttgart Gleisbogen and its Monuments\u201d. The exhibitions consists of three parts: an account of the Gleisbogen history, a programmatic outlook towards an imperative <a href=\"http:\/\/gleisbogen-stuttgart.de\/en\/prospects\/\">public discourse upon the urban development of Stuttgart<\/a>, and a couple of ideas of how to transform this railway infrastructure in an urban way.<\/p>\n<figure id=\"attachment_105\" aria-describedby=\"caption-attachment-105\" style=\"width: 800px\" class=\"wp-caption alignnone\"><img decoding=\"async\" loading=\"lazy\" class=\"size-full wp-image-105\" src=\"http:\/\/gleisbogen-stuttgart.de\/wp-content\/uploads\/2015\/09\/gleisbogen-ausstellung-im-infoladen-web.jpg\" alt=\"Ausstellung \" width=\"800\" height=\"398\" srcset=\"http:\/\/gleisbogen-stuttgart.de\/wp-content\/uploads\/2015\/09\/gleisbogen-ausstellung-im-infoladen-web.jpg 800w, http:\/\/gleisbogen-stuttgart.de\/wp-content\/uploads\/2015\/09\/gleisbogen-ausstellung-im-infoladen-web-300x149.jpg 300w\" sizes=\"(max-width: 800px) 100vw, 800px\" \/><figcaption id=\"caption-attachment-105\" class=\"wp-caption-text\">Exhibiton &#8220;Der Stuttgarter Gleisbogen&#8221;<\/figcaption><\/figure>\n<p>The exhibition posters offer concise texts along with numerous drawings and photographs, both historical and contemporary. They inform about the architectural and urban history of the Stuttgart railways infrastructure; about principles of dealing with monuments of industrial and railway heritage, exemplified by some iconic projects such as the Viaduc des Arts and Promenade Plant\u00e9e in Paris, the High Line in New York, the Naturpark Sch\u00f6neberger S\u00fcdgel\u00e4nde in Berlin, and the Au\u00dfersihler Viaduct in Zurich. The posters also inform about the challenges and chances of re-using the Gleisbogen as an urban landscape park in connection with the development of the two new Rosenstein quarters. The exhibition is completed by a model (scale 1:1000) that shows the Gleisbogen in its setting, and a singular video film taken from the perspective of the train driver showing a range of extraordinary views of the Gleisbogen.<\/p>\n<figure id=\"attachment_80\" aria-describedby=\"caption-attachment-80\" style=\"width: 604px\" class=\"wp-caption alignnone\"><img decoding=\"async\" loading=\"lazy\" class=\"size-large wp-image-80\" src=\"http:\/\/gleisbogen-stuttgart.de\/wp-content\/uploads\/2015\/09\/gleisbogen-er\u00f6ffnung_P1020094-1024x768.jpg\" alt=\"Ausstellung Stuttgarter Gleisbogen im Infoladen\" width=\"604\" height=\"453\" srcset=\"http:\/\/gleisbogen-stuttgart.de\/wp-content\/uploads\/2015\/09\/gleisbogen-er\u00f6ffnung_P1020094.jpg 1024w, http:\/\/gleisbogen-stuttgart.de\/wp-content\/uploads\/2015\/09\/gleisbogen-er\u00f6ffnung_P1020094-300x225.jpg 300w\" sizes=\"(max-width: 604px) 100vw, 604px\" \/><figcaption id=\"caption-attachment-80\" class=\"wp-caption-text\">Exhibition opening at the Info-Laden Gallery, February 2013<\/figcaption><\/figure>\n<p><strong>The exhibition on the road in Stuttgart<\/strong><\/p>\n<p>The exhibition was first shown at the former Info-Laden Gallery in the side wing of St. Martin\u00b4s Church in February 2013, with an opening address by Dr Kron, director of the Stuttgart Department of City Planning and Urban Renewal. The subsequent venues were as follows:<\/p>\n<ul>\n<li>2014: the Showroom of the City of Stuttgart in the Kriegsbergstra\u00dfe,<\/li>\n<li>2014: the City Hall, with the book launch of the volume to accompany the exhibition (Karl Kr\u00e4mer Publishers 2014), and a welcoming speech by Mr Hahn, then Urban Planning Director of the City of Stuttgart,<\/li>\n<li>2015: the Urban Planning Department of the City of Stuttgart,<\/li>\n<li>2015: the Baden-W\u00fcrttemberg Institute of Architects,<\/li>\n<li>2016: the events of the Informal Rosenstein Participation of the City of Stuttgart (in the City Hall and the Wagenhalle Cultural Centre)<\/li>\n<li>2017: the Hospitalhof, Cultural Centre of the Protestant Church.<\/li>\n<\/ul>\n<p>Since 2017 the exhibition is shown on demand at the new Info-Laden Gallery in the Nordbahnhofstr. 81.<\/p>\n<figure id=\"attachment_81\" aria-describedby=\"caption-attachment-81\" style=\"width: 660px\" class=\"wp-caption alignnone\"><img decoding=\"async\" loading=\"lazy\" class=\"wp-image-81 size-large\" src=\"http:\/\/gleisbogen-stuttgart.de\/wp-content\/uploads\/2015\/09\/Ausst-Gleisbogen-Rathaus-BM-Hahn-1024x716.jpg\" alt=\"Vernissage und Buchpr\u00e4sentation im September 2014 im Rathaus mit Baub\u00fcrgermeister Matthias Hahn\" width=\"660\" height=\"461\" srcset=\"http:\/\/gleisbogen-stuttgart.de\/wp-content\/uploads\/2015\/09\/Ausst-Gleisbogen-Rathaus-BM-Hahn-1024x716.jpg 1024w, http:\/\/gleisbogen-stuttgart.de\/wp-content\/uploads\/2015\/09\/Ausst-Gleisbogen-Rathaus-BM-Hahn-300x210.jpg 300w\" sizes=\"(max-width: 660px) 100vw, 660px\" \/><figcaption id=\"caption-attachment-81\" class=\"wp-caption-text\">Book launch at the exhibition opening in the Stuttgart City Hall in September 2014, with an address by Matthias Hahn, then Urban Planning Director<\/figcaption><\/figure>\n<figure id=\"attachment_46\" aria-describedby=\"caption-attachment-46\" style=\"width: 660px\" class=\"wp-caption alignnone\"><img decoding=\"async\" loading=\"lazy\" class=\"wp-image-46 size-full\" src=\"http:\/\/gleisbogen-stuttgart.de\/wp-content\/uploads\/2015\/09\/gleisbogen-ausstellung-akbw.jpg\" alt=\"gleisbogen-ausstellung-akbw\" width=\"660\" height=\"300\" srcset=\"http:\/\/gleisbogen-stuttgart.de\/wp-content\/uploads\/2015\/09\/gleisbogen-ausstellung-akbw.jpg 660w, http:\/\/gleisbogen-stuttgart.de\/wp-content\/uploads\/2015\/09\/gleisbogen-ausstellung-akbw-300x136.jpg 300w\" sizes=\"(max-width: 660px) 100vw, 660px\" \/><figcaption id=\"caption-attachment-46\" class=\"wp-caption-text\">Exhibition at the Baden-W\u00fcrttemberg Institute of Architects, May 2015<\/figcaption><\/figure>\n<figure id=\"attachment_34\" aria-describedby=\"caption-attachment-34\" style=\"width: 600px\" class=\"wp-caption alignnone\"><img decoding=\"async\" loading=\"lazy\" class=\"wp-image-34 size-full\" src=\"http:\/\/gleisbogen-stuttgart.de\/wp-content\/uploads\/2015\/09\/gleisbogen-modell.jpg\" alt=\"Modell Ausstellung Stuttgarter Gleisbogen\" width=\"600\" height=\"316\" srcset=\"http:\/\/gleisbogen-stuttgart.de\/wp-content\/uploads\/2015\/09\/gleisbogen-modell.jpg 600w, http:\/\/gleisbogen-stuttgart.de\/wp-content\/uploads\/2015\/09\/gleisbogen-modell-300x158.jpg 300w\" sizes=\"(max-width: 600px) 100vw, 600px\" \/><figcaption id=\"caption-attachment-34\" class=\"wp-caption-text\">View of the model<\/figcaption><\/figure>\n<p>&nbsp;<\/p>\n","protected":false},"excerpt":{"rendered":"<p>Back in 2012, curators Dan Teodorovici, Michael Kunert and Axel Fricke were invited by the Info-Laden to conceive and design an exhibition on the \u201cStuttgart Gleisbogen and its Monuments\u201d. The exhibitions consists of three parts: an account of the Gleisbogen history, a programmatic outlook towards an imperative public discourse upon the urban development of Stuttgart, &hellip; <a href=\"http:\/\/gleisbogen-stuttgart.de\/en\/die-ausstellung\/\" class=\"more-link\">Continue reading <span class=\"screen-reader-text\">The Exhibition<\/span><\/a><\/p>\n","protected":false},"author":1,"featured_media":0,"parent":0,"menu_order":0,"comment_status":"closed","ping_status":"closed","template":"","meta":{"ngg_post_thumbnail":0},"_links":{"self":[{"href":"http:\/\/gleisbogen-stuttgart.de\/en\/wp-json\/wp\/v2\/pages\/509"}],"collection":[{"href":"http:\/\/gleisbogen-stuttgart.de\/en\/wp-json\/wp\/v2\/pages"}],"about":[{"href":"http:\/\/gleisbogen-stuttgart.de\/en\/wp-json\/wp\/v2\/types\/page"}],"author":[{"embeddable":true,"href":"http:\/\/gleisbogen-stuttgart.de\/en\/wp-json\/wp\/v2\/users\/1"}],"replies":[{"embeddable":true,"href":"http:\/\/gleisbogen-stuttgart.de\/en\/wp-json\/wp\/v2\/comments?post=509"}],"version-history":[{"count":4,"href":"http:\/\/gleisbogen-stuttgart.de\/en\/wp-json\/wp\/v2\/pages\/509\/revisions"}],"predecessor-version":[{"id":604,"href":"http:\/\/gleisbogen-stuttgart.de\/en\/wp-json\/wp\/v2\/pages\/509\/revisions\/604"}],"wp:attachment":[{"href":"http:\/\/gleisbogen-stuttgart.de\/en\/wp-json\/wp\/v2\/media?parent=509"}],"curies":[{"name":"wp","href":"https:\/\/api.w.org\/{rel}","templated":true}]}}